{"id":30509,"date":"2022-03-01T15:42:57","date_gmt":"2022-03-01T14:42:57","guid":{"rendered":"https:\/\/g44h1afmrn.preview.infomaniak.website\/restaurant\/"},"modified":"2026-04-17T19:51:53","modified_gmt":"2026-04-17T17:51:53","slug":"restaurant","status":"publish","type":"page","link":"https:\/\/hotelausoleil.fr\/en\/restaurant\/","title":{"rendered":"Restaurant"},"content":{"rendered":"<p>[et_pb_section fb_built=&#8221;1&#8243; custom_padding_last_edited=&#8221;on|phone&#8221; admin_label=&#8221;Header&#8221; _builder_version=&#8221;4.16&#8243; use_background_color_gradient=&#8221;on&#8221; background_color_gradient_stops=&#8221;rgba(45,45,45,0.6) 0%|rgba(45,45,45,0.85) 100%&#8221; background_color_gradient_overlays_image=&#8221;on&#8221; background_color_gradient_start=&#8221;rgba(45,45,45,0.6)&#8221; background_color_gradient_end=&#8221;rgba(45,45,45,0.85)&#8221; background_image=&#8221;https:\/\/hotelausoleil.fr\/wp-content\/uploads\/2022\/03\/au-soleil-restaurant.png&#8221; custom_padding=&#8221;5vw||5vw||true|false&#8221; custom_padding_tablet=&#8221;80px||80px||true|false&#8221; custom_padding_phone=&#8221;50px||50px||true|false&#8221; da_disable_devices=&#8221;off|off|off&#8221; global_colors_info=&#8221;{}&#8221; da_is_popup=&#8221;off&#8221; da_exit_intent=&#8221;off&#8221; da_has_close=&#8221;on&#8221; da_alt_close=&#8221;off&#8221; da_dark_close=&#8221;off&#8221; da_not_modal=&#8221;on&#8221; da_is_singular=&#8221;off&#8221; da_with_loader=&#8221;off&#8221; da_has_shadow=&#8221;on&#8221;][et_pb_row _builder_version=&#8221;4.16&#8243; locked=&#8221;off&#8221; global_colors_info=&#8221;{}&#8221;][et_pb_column type=&#8221;4_4&#8243; _builder_version=&#8221;4.16&#8243; z_index=&#8221;10&#8243; global_colors_info=&#8221;{}&#8221;][et_pb_text _builder_version=&#8221;4.16&#8243; text_font=&#8221;Petit Formal Script||||||||&#8221; text_text_color=&#8221;rgba(221,204,176,0.2)&#8221; text_font_size=&#8221;100px&#8221; text_line_height=&#8221;1em&#8221; text_orientation=&#8221;center&#8221; module_alignment=&#8221;center&#8221; custom_margin=&#8221;||-0.3em||false|false&#8221; custom_margin_tablet=&#8221;||-40px||false|false&#8221; custom_margin_phone=&#8221;||-30px||false|false&#8221; custom_margin_last_edited=&#8221;on|tablet&#8221; text_font_size_tablet=&#8221;100px&#8221; text_font_size_phone=&#8221;70px&#8221; text_font_size_last_edited=&#8221;on|phone&#8221; locked=&#8221;off&#8221; global_colors_info=&#8221;{}&#8221;]<\/p>\n<p>Au Soleil<\/p>\n<p>[\/et_pb_text][et_pb_text _builder_version=&#8221;4.16&#8243; header_font=&#8221;Antic Didone|||on|||||&#8221; header_font_size=&#8221;75px&#8221; header_letter_spacing=&#8221;3px&#8221; header_line_height=&#8221;1.3em&#8221; text_orientation=&#8221;center&#8221; background_layout=&#8221;dark&#8221; header_font_size_tablet=&#8221;40px&#8221; header_font_size_phone=&#8221;24px&#8221; header_font_size_last_edited=&#8221;on|phone&#8221; global_colors_info=&#8221;{}&#8221;]<\/p>\n<h1>Restaurant<\/h1>\n<p>[\/et_pb_text][\/et_pb_column][\/et_pb_row][\/et_pb_section][et_pb_section fb_built=&#8221;1&#8243; admin_label=&#8221;FAQ&#8221; _builder_version=&#8221;4.16&#8243; custom_margin_tablet=&#8221;0px||||false|false&#8221; custom_margin_last_edited=&#8221;off|desktop&#8221; custom_padding=&#8221;||3px|||&#8221; da_disable_devices=&#8221;off|off|off&#8221; locked=&#8221;off&#8221; global_colors_info=&#8221;{}&#8221; da_is_popup=&#8221;off&#8221; da_exit_intent=&#8221;off&#8221; da_has_close=&#8221;on&#8221; da_alt_close=&#8221;off&#8221; da_dark_close=&#8221;off&#8221; da_not_modal=&#8221;on&#8221; da_is_singular=&#8221;off&#8221; da_with_loader=&#8221;off&#8221; da_has_shadow=&#8221;on&#8221;][et_pb_row _builder_version=&#8221;4.16&#8243; global_colors_info=&#8221;{}&#8221;][et_pb_column type=&#8221;4_4&#8243; _builder_version=&#8221;4.16&#8243; global_colors_info=&#8221;{}&#8221;][et_pb_image src=&#8221;https:\/\/hotelausoleil.fr\/wp-content\/uploads\/2022\/02\/Fichier-1.png&#8221; title_text=&#8221;Fichier 1&#8243; align=&#8221;center&#8221; _builder_version=&#8221;4.16&#8243; _module_preset=&#8221;default&#8221; global_colors_info=&#8221;{}&#8221;][\/et_pb_image][et_pb_text _builder_version=&#8221;4.17.4&#8243; text_line_height=&#8221;2em&#8221; header_3_font=&#8221;Antic Didone|||on|||||&#8221; header_3_text_color=&#8221;#000000&#8243; header_3_font_size=&#8221;27px&#8221; header_3_letter_spacing=&#8221;2px&#8221; header_3_line_height=&#8221;1.6em&#8221; background_color=&#8221;#FFFFFF&#8221; text_orientation=&#8221;center&#8221; custom_margin=&#8221;||-1px||false|false&#8221; custom_padding=&#8221;||30px||false|false&#8221; hover_enabled=&#8221;0&#8243; text_font_size_tablet=&#8221;15px&#8221; text_font_size_phone=&#8221;14px&#8221; text_font_size_last_edited=&#8221;off|desktop&#8221; header_3_font_size_tablet=&#8221;18px&#8221; header_3_font_size_phone=&#8221;16px&#8221; header_3_font_size_last_edited=&#8221;on|phone&#8221; border_width_all=&#8221;0px&#8221; border_color_all=&#8221;rgba(0,0,0,0.12)&#8221; global_colors_info=&#8221;{}&#8221; sticky_enabled=&#8221;0&#8243;]<\/p>\n<h3>Le restaurant \u00ab Au Soleil \u00bb\u00e0 Valff vous propose une cuisine gourmande et inventive<\/h3>\n<p style=\"text-align: center;\">Appr\u00e9ciez la qualit\u00e9 de ses mets et la fra\u00eecheur de ses produits.<br \/>Les saisons ne laissent pas le chef indiff\u00e9rent qui vous proposera a chaque saisons, des suggestions originales.<br \/>Les sp\u00e9cialit\u00e9s Alsaciennes ne sont bien sur pas oubli\u00e9es.<\/p>\n<p style=\"text-align: center;\"><strong>Le restaurant est ferm\u00e9 le samedi midi et le dimanche soir.<\/strong><\/p>\n<p>[\/et_pb_text][et_pb_image src=&#8221;https:\/\/hotelausoleil.fr\/wp-content\/uploads\/2022\/02\/Fichier-1.png&#8221; title_text=&#8221;Fichier 1&#8243; align=&#8221;center&#8221; _builder_version=&#8221;4.16&#8243; _module_preset=&#8221;default&#8221; custom_margin=&#8221;0px||||false|false&#8221; global_colors_info=&#8221;{}&#8221;][\/et_pb_image][\/et_pb_column][\/et_pb_row][\/et_pb_section][et_pb_section fb_built=&#8221;1&#8243; _builder_version=&#8221;4.16&#8243; _module_preset=&#8221;default&#8221; background_color_gradient_start=&#8221;rgba(12,113,195,0.99)&#8221; background_color_gradient_end=&#8221;rgba(12,113,195,0.7)&#8221; background_image=&#8221;https:\/\/hotelausoleil.fr\/wp-content\/uploads\/2022\/03\/vsnoqdimlqq.jpg&#8221; parallax=&#8221;on&#8221; custom_margin=&#8221;50px|||||&#8221; da_disable_devices=&#8221;off|off|off&#8221; locked=&#8221;off&#8221; global_colors_info=&#8221;{}&#8221; da_is_popup=&#8221;off&#8221; da_exit_intent=&#8221;off&#8221; da_has_close=&#8221;on&#8221; da_alt_close=&#8221;off&#8221; da_dark_close=&#8221;off&#8221; da_not_modal=&#8221;on&#8221; da_is_singular=&#8221;off&#8221; da_with_loader=&#8221;off&#8221; da_has_shadow=&#8221;on&#8221;][\/et_pb_section][et_pb_section fb_built=&#8221;1&#8243; admin_label=&#8221;About&#8221; _builder_version=&#8221;4.16&#8243; da_disable_devices=&#8221;off|off|off&#8221; global_colors_info=&#8221;{}&#8221; da_is_popup=&#8221;off&#8221; da_exit_intent=&#8221;off&#8221; da_has_close=&#8221;on&#8221; da_alt_close=&#8221;off&#8221; da_dark_close=&#8221;off&#8221; da_not_modal=&#8221;on&#8221; da_is_singular=&#8221;off&#8221; da_with_loader=&#8221;off&#8221; da_has_shadow=&#8221;on&#8221;][et_pb_row custom_padding_last_edited=&#8221;on|phone&#8221; _builder_version=&#8221;4.16&#8243; custom_padding=&#8221;130px|20px|43px|20px|false|true&#8221; custom_padding_tablet=&#8221;60px||60px||true|true&#8221; custom_padding_phone=&#8221;40px||40px||true|true&#8221; border_width_all=&#8221;4px&#8221; border_color_all=&#8221;rgba(0,0,0,0.1)&#8221; border_style_all=&#8221;double&#8221; global_colors_info=&#8221;{}&#8221;][et_pb_column type=&#8221;4_4&#8243; _builder_version=&#8221;4.16&#8243; global_colors_info=&#8221;{}&#8221;][et_pb_text _builder_version=&#8221;4.16&#8243; text_font=&#8221;Petit Formal Script||||||||&#8221; text_text_color=&#8221;rgba(159,146,98,0.11)&#8221; text_font_size=&#8221;106px&#8221; text_line_height=&#8221;1em&#8221; text_orientation=&#8221;center&#8221; module_alignment=&#8221;center&#8221; custom_margin=&#8221;-0.8em||-0.3em||false|false&#8221; custom_margin_tablet=&#8221;||-40px||false|false&#8221; custom_margin_phone=&#8221;||-30px||false|false&#8221; custom_margin_last_edited=&#8221;on|tablet&#8221; text_font_size_tablet=&#8221;100px&#8221; text_font_size_phone=&#8221;70px&#8221; text_font_size_last_edited=&#8221;on|phone&#8221; locked=&#8221;off&#8221; global_colors_info=&#8221;{}&#8221;]<\/p>\n<p>Notre<\/p>\n<p>[\/et_pb_text][et_pb_text _builder_version=&#8221;4.16&#8243; header_2_font=&#8221;Antic Didone|||on|||||&#8221; header_2_font_size=&#8221;60px&#8221; header_2_letter_spacing=&#8221;3px&#8221; header_2_line_height=&#8221;1.3em&#8221; text_orientation=&#8221;center&#8221; max_width=&#8221;700px&#8221; module_alignment=&#8221;center&#8221; header_2_font_size_tablet=&#8221;40px&#8221; header_2_font_size_phone=&#8221;26px&#8221; header_2_font_size_last_edited=&#8221;on|phone&#8221; locked=&#8221;off&#8221; global_colors_info=&#8221;{}&#8221;]<\/p>\n<h2>Carte<\/h2>\n<p>[\/et_pb_text][et_pb_button button_url=&#8221;@ET-DC@eyJkeW5hbWljIjp0cnVlLCJjb250ZW50IjoicG9zdF9saW5rX3VybF9wYWdlIiwic2V0dGluZ3MiOnsicG9zdF9pZCI6IjI5NTUwIn19@&#8221; button_text=&#8221;Commander en ligne&#8221; button_alignment=&#8221;right&#8221; button_alignment_tablet=&#8221;right&#8221; button_alignment_phone=&#8221;center&#8221; button_alignment_last_edited=&#8221;on|phone&#8221; _builder_version=&#8221;4.17.4&#8243; _dynamic_attributes=&#8221;button_url&#8221; _module_preset=&#8221;default&#8221; custom_button=&#8221;on&#8221; button_text_color=&#8221;#FFFFFF&#8221; button_bg_color=&#8221;#800000&#8243; button_font=&#8221;Petit Formal Script||||||||&#8221; global_colors_info=&#8221;{}&#8221;][\/et_pb_button][et_pb_code _builder_version=&#8221;4.16&#8243; _module_preset=&#8221;default&#8221; global_colors_info=&#8221;{}&#8221;]\n[\/et_pb_code][et_pb_blog fullwidth=&#8221;off&#8221; posts_number=&#8221;6&#8243; include_categories=&#8221;13&#8243; show_author=&#8221;off&#8221; show_date=&#8221;off&#8221; show_categories=&#8221;off&#8221; show_excerpt=&#8221;off&#8221; masonry_tile_background_color=&#8221;#800000&#8243; _builder_version=&#8221;4.17.3&#8243; header_font=&#8221;Antic Didone||||||||&#8221; header_text_color=&#8221;#FFFFFF&#8221; header_font_size=&#8221;20px&#8221; header_line_height=&#8221;1.3em&#8221; body_font=&#8221;Quattrocento||||||||&#8221; body_line_height=&#8221;2.2em&#8221; meta_font=&#8221;Quattrocento||||||||&#8221; meta_text_color=&#8221;#93b786&#8243; pagination_text_color=&#8221;#93b786&#8243; background_color=&#8221;RGBA(255,255,255,0)&#8221; custom_margin=&#8221;|||&#8221; custom_padding=&#8221;0px|0px|0px|0px|false|false&#8221; animation_style=&#8221;fade&#8221; pagination_font_size_tablet=&#8221;51&#8243; pagination_line_height_tablet=&#8221;2&#8243; custom_css_main_element=&#8221;padding:0 !important;&#8221; custom_css_title=&#8221;background:#800000;||padding:0px;||position:relative;||width:100%;||||&#8221; border_width_all=&#8221;0px&#8221; box_shadow_style=&#8221;preset3&#8243; box_shadow_vertical=&#8221;60px&#8221; box_shadow_blur=&#8221;120px&#8221; box_shadow_spread=&#8221;-35px&#8221; box_shadow_color=&#8221;rgba(63,63,31,0.3)&#8221; global_colors_info=&#8221;{}&#8221;][\/et_pb_blog][\/et_pb_column][\/et_pb_row][\/et_pb_section]<\/p>\n","protected":false},"excerpt":{"rendered":"<p>[et_pb_section fb_built=&#8221;1&#8243; custom_padding_last_edited=&#8221;on|phone&#8221; admin_label=&#8221;Header&#8221; _builder_version=&#8221;4.16&#8243; use_background_color_gradient=&#8221;on&#8221; background_color_gradient_stops=&#8221;rgba(45,45,45,0.6) 0%|rgba(45,45,45,0.85) 100%&#8221; background_color_gradient_overlays_image=&#8221;on&#8221; background_color_gradient_start=&#8221;rgba(45,45,45,0.6)&#8221; background_color_gradient_end=&#8221;rgba(45,45,45,0.85)&#8221; background_image=&#8221;https:\/\/hotelausoleil.fr\/wp-content\/uploads\/2022\/03\/au-soleil-restaurant.png&#8221; custom_padding=&#8221;5vw||5vw||true|false&#8221; custom_padding_tablet=&#8221;80px||80px||true|false&#8221; custom_padding_phone=&#8221;50px||50px||true|false&#8221; da_disable_devices=&#8221;off|off|off&#8221; global_colors_info=&#8221;{}&#8221; da_is_popup=&#8221;off&#8221; da_exit_intent=&#8221;off&#8221; da_has_close=&#8221;on&#8221; da_alt_close=&#8221;off&#8221; da_dark_close=&#8221;off&#8221; da_not_modal=&#8221;on&#8221; da_is_singular=&#8221;off&#8221; da_with_loader=&#8221;off&#8221; da_has_shadow=&#8221;on&#8221;][et_pb_row _builder_version=&#8221;4.16&#8243; locked=&#8221;off&#8221; global_colors_info=&#8221;{}&#8221;][et_pb_column type=&#8221;4_4&#8243; _builder_version=&#8221;4.16&#8243; z_index=&#8221;10&#8243; global_colors_info=&#8221;{}&#8221;][et_pb_text _builder_version=&#8221;4.16&#8243; text_font=&#8221;Petit Formal Script||||||||&#8221; text_text_color=&#8221;rgba(221,204,176,0.2)&#8221; text_font_size=&#8221;100px&#8221; text_line_height=&#8221;1em&#8221; text_orientation=&#8221;center&#8221; module_alignment=&#8221;center&#8221; custom_margin=&#8221;||-0.3em||false|false&#8221; custom_margin_tablet=&#8221;||-40px||false|false&#8221; custom_margin_phone=&#8221;||-30px||false|false&#8221; custom_margin_last_edited=&#8221;on|tablet&#8221; text_font_size_tablet=&#8221;100px&#8221; text_font_size_phone=&#8221;70px&#8221; text_font_size_last_edited=&#8221;on|phone&#8221; locked=&#8221;off&#8221; global_colors_info=&#8221;{}&#8221;] Au Soleil [\/et_pb_text][et_pb_text [&hellip;]<\/p>\n","protected":false},"author":1,"featured_media":0,"parent":0,"menu_order":0,"comment_status":"closed","ping_status":"closed","template":"","meta":{"_acf_changed":false,"_et_pb_use_builder":"off","_et_pb_old_content":"","_et_gb_content_width":"","footnotes":""},"class_list":["post-30509","page","type-page","status-publish","hentry"],"acf":{"carte":null},"_links":{"self":[{"href":"https:\/\/hotelausoleil.fr\/en\/wp-json\/wp\/v2\/pages\/30509","targetHints":{"allow":["GET"]}}],"collection":[{"href":"https:\/\/hotelausoleil.fr\/en\/wp-json\/wp\/v2\/pages"}],"about":[{"href":"https:\/\/hotelausoleil.fr\/en\/wp-json\/wp\/v2\/types\/page"}],"author":[{"embeddable":true,"href":"https:\/\/hotelausoleil.fr\/en\/wp-json\/wp\/v2\/users\/1"}],"replies":[{"embeddable":true,"href":"https:\/\/hotelausoleil.fr\/en\/wp-json\/wp\/v2\/comments?post=30509"}],"version-history":[{"count":0,"href":"https:\/\/hotelausoleil.fr\/en\/wp-json\/wp\/v2\/pages\/30509\/revisions"}],"wp:attachment":[{"href":"https:\/\/hotelausoleil.fr\/en\/wp-json\/wp\/v2\/media?parent=30509"}],"curies":[{"name":"wp","href":"https:\/\/api.w.org\/{rel}","templated":true}]}}