{"id":30658,"date":"2022-03-01T16:53:55","date_gmt":"2022-03-01T15:53:55","guid":{"rendered":"https:\/\/hotelausoleil.fr\/spa\/"},"modified":"2024-01-11T20:59:31","modified_gmt":"2024-01-11T19:59:31","slug":"spa","status":"publish","type":"page","link":"https:\/\/hotelausoleil.fr\/de\/spa\/","title":{"rendered":"SPA"},"content":{"rendered":"<p>[et_pb_section fb_built=&#8221;1&#8243; custom_padding_last_edited=&#8221;on|phone&#8221; admin_label=&#8221;Header&#8221; _builder_version=&#8221;4.16&#8243; use_background_color_gradient=&#8221;on&#8221; background_color_gradient_stops=&#8221;rgba(45,45,45,0.6) 0%|rgba(45,45,45,0.24) 100%&#8221; background_color_gradient_overlays_image=&#8221;on&#8221; background_color_gradient_start=&#8221;rgba(45,45,45,0.6)&#8221; background_color_gradient_end=&#8221;rgba(45,45,45,0.24)&#8221; background_image=&#8221;https:\/\/hotelausoleil.fr\/wp-content\/uploads\/2022\/03\/IMG_3557-1024&#215;768-1-e1646149107869.jpg&#8221; background_position=&#8221;top_center&#8221; custom_padding=&#8221;5vw||5vw||true|false&#8221; custom_padding_tablet=&#8221;80px||80px||true|false&#8221; custom_padding_phone=&#8221;50px||50px||true|false&#8221; da_disable_devices=&#8221;off|off|off&#8221; global_colors_info=&#8221;{}&#8221; da_is_popup=&#8221;off&#8221; da_exit_intent=&#8221;off&#8221; da_has_close=&#8221;on&#8221; da_alt_close=&#8221;off&#8221; da_dark_close=&#8221;off&#8221; da_not_modal=&#8221;on&#8221; da_is_singular=&#8221;off&#8221; da_with_loader=&#8221;off&#8221; da_has_shadow=&#8221;on&#8221;][et_pb_row _builder_version=&#8221;4.16&#8243; locked=&#8221;off&#8221; global_colors_info=&#8221;{}&#8221;][et_pb_column type=&#8221;4_4&#8243; _builder_version=&#8221;4.16&#8243; z_index=&#8221;10&#8243; global_colors_info=&#8221;{}&#8221;][et_pb_text _builder_version=&#8221;4.16&#8243; text_font=&#8221;Petit Formal Script||||||||&#8221; text_text_color=&#8221;rgba(221,204,176,0.2)&#8221; text_font_size=&#8221;100px&#8221; text_line_height=&#8221;1em&#8221; text_orientation=&#8221;center&#8221; module_alignment=&#8221;center&#8221; custom_margin=&#8221;||-0.3em||false|false&#8221; custom_margin_tablet=&#8221;||-40px||false|false&#8221; custom_margin_phone=&#8221;||-30px||false|false&#8221; custom_margin_last_edited=&#8221;on|tablet&#8221; text_font_size_tablet=&#8221;100px&#8221; text_font_size_phone=&#8221;70px&#8221; text_font_size_last_edited=&#8221;on|phone&#8221; locked=&#8221;off&#8221; global_colors_info=&#8221;{}&#8221;]<\/p>\n<p>Au Soleil<\/p>\n<p>[\/et_pb_text][et_pb_text _builder_version=&#8221;4.16&#8243; header_font=&#8221;Antic Didone|||on|||||&#8221; header_font_size=&#8221;75px&#8221; header_letter_spacing=&#8221;3px&#8221; header_line_height=&#8221;1.3em&#8221; text_orientation=&#8221;center&#8221; background_layout=&#8221;dark&#8221; header_font_size_tablet=&#8221;40px&#8221; header_font_size_phone=&#8221;24px&#8221; header_font_size_last_edited=&#8221;on|phone&#8221; global_colors_info=&#8221;{}&#8221;]<\/p>\n<h1>Spa<\/h1>\n<p>[\/et_pb_text][\/et_pb_column][\/et_pb_row][\/et_pb_section][et_pb_section fb_built=&#8221;1&#8243; admin_label=&#8221;FAQ&#8221; _builder_version=&#8221;4.16&#8243; custom_margin_tablet=&#8221;0px||||false|false&#8221; custom_margin_last_edited=&#8221;off|desktop&#8221; custom_padding=&#8221;||3px|||&#8221; da_disable_devices=&#8221;off|off|off&#8221; locked=&#8221;off&#8221; global_colors_info=&#8221;{}&#8221; da_is_popup=&#8221;off&#8221; da_exit_intent=&#8221;off&#8221; da_has_close=&#8221;on&#8221; da_alt_close=&#8221;off&#8221; da_dark_close=&#8221;off&#8221; da_not_modal=&#8221;on&#8221; da_is_singular=&#8221;off&#8221; da_with_loader=&#8221;off&#8221; da_has_shadow=&#8221;on&#8221;][et_pb_row _builder_version=&#8221;4.16&#8243; global_colors_info=&#8221;{}&#8221;][et_pb_column type=&#8221;4_4&#8243; _builder_version=&#8221;4.16&#8243; global_colors_info=&#8221;{}&#8221;][et_pb_image src=&#8221;https:\/\/hotelausoleil.fr\/wp-content\/uploads\/2022\/02\/Fichier-1.png&#8221; title_text=&#8221;Fichier 1&#8243; align=&#8221;center&#8221; _builder_version=&#8221;4.16&#8243; _module_preset=&#8221;default&#8221; global_colors_info=&#8221;{}&#8221;][\/et_pb_image][et_pb_text _builder_version=&#8221;4.17.4&#8243; text_line_height=&#8221;2em&#8221; header_3_font=&#8221;Antic Didone|||on|||||&#8221; header_3_text_color=&#8221;#000000&#8243; header_3_font_size=&#8221;27px&#8221; header_3_letter_spacing=&#8221;2px&#8221; header_3_line_height=&#8221;1.6em&#8221; text_orientation=&#8221;center&#8221; custom_margin=&#8221;||-1px||false|false&#8221; custom_padding=&#8221;||30px||false|false&#8221; text_font_size_tablet=&#8221;15px&#8221; text_font_size_phone=&#8221;14px&#8221; text_font_size_last_edited=&#8221;off|desktop&#8221; header_3_font_size_tablet=&#8221;18px&#8221; header_3_font_size_phone=&#8221;16px&#8221; header_3_font_size_last_edited=&#8221;on|phone&#8221; border_width_all=&#8221;0px&#8221; border_color_all=&#8221;rgba(0,0,0,0.12)&#8221; global_colors_info=&#8221;{}&#8221;]<\/p>\n<h3>Das Hotel &amp; Spa \u201eAu Soleil\u201c im els\u00e4ssischen Valff bietet jetzt seinen Entspannungsbereich<\/h3>\n<p style=\"text-align: center;\">Eine farbenfrohe Atmosph\u00e4re. Gleichzeitig modern und zeitgem\u00e4\u00df. Unser Spa wurde so gestaltet, dass Sie nach einem Tag beim Wandern, Sightseeing oder Arbeiten einen Moment der Entspannung und Entspannung genie\u00dfen k\u00f6nnen.<\/p>\n<p>[\/et_pb_text][et_pb_image src=&#8221;https:\/\/hotelausoleil.fr\/wp-content\/uploads\/2022\/02\/Fichier-1.png&#8221; title_text=&#8221;Fichier 1&#8243; align=&#8221;center&#8221; _builder_version=&#8221;4.16&#8243; _module_preset=&#8221;default&#8221; custom_margin=&#8221;0px||||false|false&#8221; global_colors_info=&#8221;{}&#8221;][\/et_pb_image][\/et_pb_column][\/et_pb_row][\/et_pb_section][et_pb_section fb_built=&#8221;1&#8243; _builder_version=&#8221;4.16&#8243; _module_preset=&#8221;default&#8221; background_color_gradient_start=&#8221;rgba(12,113,195,0.99)&#8221; background_color_gradient_end=&#8221;rgba(12,113,195,0.7)&#8221; background_image=&#8221;https:\/\/hotelausoleil.fr\/wp-content\/uploads\/2022\/03\/olm1xpcpstg.jpg&#8221; parallax=&#8221;on&#8221; custom_margin=&#8221;50px|||||&#8221; da_disable_devices=&#8221;off|off|off&#8221; global_colors_info=&#8221;{}&#8221; da_is_popup=&#8221;off&#8221; da_exit_intent=&#8221;off&#8221; da_has_close=&#8221;on&#8221; da_alt_close=&#8221;off&#8221; da_dark_close=&#8221;off&#8221; da_not_modal=&#8221;on&#8221; da_is_singular=&#8221;off&#8221; da_with_loader=&#8221;off&#8221; da_has_shadow=&#8221;on&#8221;][\/et_pb_section][et_pb_section fb_built=&#8221;1&#8243; admin_label=&#8221;About&#8221; _builder_version=&#8221;4.16&#8243; custom_padding=&#8221;97px||6px|||&#8221; da_disable_devices=&#8221;off|off|off&#8221; global_colors_info=&#8221;{}&#8221; da_is_popup=&#8221;off&#8221; da_exit_intent=&#8221;off&#8221; da_has_close=&#8221;on&#8221; da_alt_close=&#8221;off&#8221; da_dark_close=&#8221;off&#8221; da_not_modal=&#8221;on&#8221; da_is_singular=&#8221;off&#8221; da_with_loader=&#8221;off&#8221; da_has_shadow=&#8221;on&#8221;][et_pb_row _builder_version=&#8221;4.16&#8243; _module_preset=&#8221;default&#8221; custom_margin=&#8221;|auto|44px|auto|false|false&#8221; custom_padding=&#8221;||10px|||&#8221; global_colors_info=&#8221;{}&#8221;][et_pb_column type=&#8221;4_4&#8243; _builder_version=&#8221;4.16&#8243; _module_preset=&#8221;default&#8221; global_colors_info=&#8221;{}&#8221;][et_pb_text _builder_version=&#8221;4.17.4&#8243; text_font=&#8221;Petit Formal Script||||||||&#8221; text_text_color=&#8221;rgba(159,146,98,0.11)&#8221; text_font_size=&#8221;106px&#8221; text_line_height=&#8221;1em&#8221; text_orientation=&#8221;center&#8221; module_alignment=&#8221;center&#8221; custom_margin=&#8221;-0.8em||-0.3em||false|false&#8221; custom_margin_tablet=&#8221;||-40px||false|false&#8221; custom_margin_phone=&#8221;||-30px||false|false&#8221; custom_margin_last_edited=&#8221;on|tablet&#8221; text_font_size_tablet=&#8221;100px&#8221; text_font_size_phone=&#8221;70px&#8221; text_font_size_last_edited=&#8221;on|phone&#8221; locked=&#8221;off&#8221; global_colors_info=&#8221;{}&#8221;]<\/p>\n<p>Entspannung<\/p>\n<p>[\/et_pb_text][et_pb_text _builder_version=&#8221;4.16&#8243; header_2_font=&#8221;Antic Didone|||on|||||&#8221; header_2_font_size=&#8221;60px&#8221; header_2_letter_spacing=&#8221;3px&#8221; header_2_line_height=&#8221;1.3em&#8221; text_orientation=&#8221;center&#8221; max_width=&#8221;700px&#8221; module_alignment=&#8221;center&#8221; header_2_font_size_tablet=&#8221;40px&#8221; header_2_font_size_phone=&#8221;26px&#8221; header_2_font_size_last_edited=&#8221;on|phone&#8221; locked=&#8221;off&#8221; global_colors_info=&#8221;{}&#8221;]<\/p>\n<h2>Spa<\/h2>\n<p>[\/et_pb_text][\/et_pb_column][\/et_pb_row][et_pb_row column_structure=&#8221;1_2,1_2&#8243; custom_padding_last_edited=&#8221;on|phone&#8221; _builder_version=&#8221;4.16&#8243; max_width=&#8221;1260px&#8221; custom_padding=&#8221;51px|20px|43px|20px|false|true&#8221; custom_padding_tablet=&#8221;60px||60px||true|true&#8221; custom_padding_phone=&#8221;40px||40px||true|true&#8221; border_width_all=&#8221;4px&#8221; border_color_all=&#8221;rgba(0,0,0,0.1)&#8221; border_style_all=&#8221;double&#8221; border_width_bottom=&#8221;0px&#8221; global_colors_info=&#8221;{}&#8221;][et_pb_column type=&#8221;1_2&#8243; _builder_version=&#8221;4.16&#8243; global_colors_info=&#8221;{}&#8221;][et_pb_blurb title=&#8221;1 Sauna (75 \u00b0 bis 90 \u00b0)&#8221; image=&#8221;https:\/\/hotelausoleil.fr\/wp-content\/uploads\/2022\/03\/IMG_3041-1024&#215;768-1.jpg&#8221; image_icon_width=&#8221;100%&#8221; _builder_version=&#8221;4.17.4&#8243; _module_preset=&#8221;default&#8221; header_font=&#8221;Antic Didone||||||||&#8221; header_font_size=&#8221;26px&#8221; global_colors_info=&#8221;{}&#8221;]<\/p>\n<p>Regt die Durchblutung an.<br \/>Entspannt die Muskeln und entlastet die Muskeln nach dem Training.<br \/>Verringert die Gelenksteifigkeit<\/p>\n<p>[\/et_pb_blurb][et_pb_blurb title=&#8221;1 Hammam mit \u00e4therischen \u00d6len (Dampfbad bei 60 \u00b0 C)&#8221; _builder_version=&#8221;4.17.4&#8243; _module_preset=&#8221;default&#8221; header_font=&#8221;Antic Didone||||||||&#8221; header_font_size=&#8221;26px&#8221; global_colors_info=&#8221;{}&#8221;]<\/p>\n<p>Reinigt die Haut<br \/>Beseitigt Toxine.<br \/>L\u00f6scht die Atemwege.<\/p>\n<p>[\/et_pb_blurb][\/et_pb_column][et_pb_column type=&#8221;1_2&#8243; _builder_version=&#8221;4.16&#8243; global_colors_info=&#8221;{}&#8221;][et_pb_blurb title=&#8221;1 \u00ab Jetstream \u00bb Pool bei 32 \u00b0 C mit integriertem Wasserfall und Whirlpool\/  Jacuzzi&#8221; image=&#8221;https:\/\/hotelausoleil.fr\/wp-content\/uploads\/2022\/03\/IMG_3027-1024&#215;768-1.jpg&#8221; _builder_version=&#8221;4.17.4&#8243; _module_preset=&#8221;default&#8221; header_font=&#8221;Antic Didone||||||||&#8221; header_font_size=&#8221;26px&#8221; global_colors_info=&#8221;{}&#8221;][\/et_pb_blurb][\/et_pb_column][\/et_pb_row][et_pb_row column_structure=&#8221;1_2,1_2&#8243; custom_padding_last_edited=&#8221;on|phone&#8221; _builder_version=&#8221;4.16&#8243; max_width=&#8221;1260px&#8221; custom_padding=&#8221;51px|20px|43px|20px|false|true&#8221; custom_padding_tablet=&#8221;60px||60px||true|true&#8221; custom_padding_phone=&#8221;40px||40px||true|true&#8221; border_width_all=&#8221;4px&#8221; border_color_all=&#8221;rgba(0,0,0,0.1)&#8221; border_style_all=&#8221;double&#8221; border_width_top=&#8221;0px&#8221; global_colors_info=&#8221;{}&#8221;][et_pb_column type=&#8221;1_2&#8243; _builder_version=&#8221;4.16&#8243; global_colors_info=&#8221;{}&#8221;][et_pb_blurb title=&#8221;1 Ruheraum&#8221; image=&#8221;https:\/\/hotelausoleil.fr\/wp-content\/uploads\/2022\/03\/Spa-1024&#215;768-1.jpg&#8221; _builder_version=&#8221;4.17.4&#8243; _module_preset=&#8221;default&#8221; header_font=&#8221;Antic Didone||||||||&#8221; header_font_size=&#8221;26px&#8221; global_colors_info=&#8221;{}&#8221;][\/et_pb_blurb][\/et_pb_column][et_pb_column type=&#8221;1_2&#8243; _builder_version=&#8221;4.16&#8243; global_colors_info=&#8221;{}&#8221;][et_pb_blurb title=&#8221;1 Fitnessstudio mit:&#8221; image=&#8221;https:\/\/hotelausoleil.fr\/wp-content\/uploads\/2022\/03\/salle-de-sport.jpg&#8221; _builder_version=&#8221;4.17.4&#8243; _module_preset=&#8221;default&#8221; header_font=&#8221;Antic Didone||||||||&#8221; header_font_size=&#8221;26px&#8221; global_colors_info=&#8221;{}&#8221;]<\/p>\n<ul>\n<li>\u00a01 <strong>Ellipsentrainer<\/strong>: Dank des hochwertigen Induktionsbremssystems und der gro\u00dfen Auswahl an Programmen bietet dieser Ellipsentrainer eine Vielzahl von Workouts.<\/li>\n<li>1 <strong>Ergometer<\/strong>: Die Konsole bietet Ihnen alle wichtigen Leistungsindikatoren und erm\u00f6glicht Ihnen die effektive Kontrolle Ihres Trainings.<\/li>\n<li>1 <strong>Kraftstation<\/strong>: Trainingsm\u00f6glichkeiten wie Latissimus-Zugkraft, Bankdr\u00fccken sowie Adapter f\u00fcr den Aufh\u00e4ngeb\u00fcgel Die Gewichtsgruppe von 100 kg ist in 5-kg-Schritten unterteilt. Sie k\u00f6nnen die Station mit den vorhandenen Modulen erweitern.<\/li>\n<\/ul>\n<p>[\/et_pb_blurb][\/et_pb_column][\/et_pb_row][\/et_pb_section][et_pb_section fb_built=&#8221;1&#8243; _builder_version=&#8221;4.16&#8243; _module_preset=&#8221;default&#8221; custom_padding=&#8221;16px|||||&#8221; da_disable_devices=&#8221;off|off|off&#8221; global_colors_info=&#8221;{}&#8221; da_is_popup=&#8221;off&#8221; da_exit_intent=&#8221;off&#8221; da_has_close=&#8221;on&#8221; da_alt_close=&#8221;off&#8221; da_dark_close=&#8221;off&#8221; da_not_modal=&#8221;on&#8221; da_is_singular=&#8221;off&#8221; da_with_loader=&#8221;off&#8221; da_has_shadow=&#8221;on&#8221;][et_pb_row column_structure=&#8221;1_2,1_2&#8243; use_custom_gutter=&#8221;on&#8221; gutter_width=&#8221;2&#8243; custom_padding_last_edited=&#8221;on|phone&#8221; _builder_version=&#8221;4.16&#8243; _module_preset=&#8221;default&#8221; background_color=&#8221;rgba(0,0,0,0.03)&#8221; max_width=&#8221;1260px&#8221; custom_padding=&#8221;60px|60px|10px|60px|false|true&#8221; custom_padding_tablet=&#8221;|40px||40px|false|true&#8221; custom_padding_phone=&#8221;10px|10px|10px|10px|true|true&#8221; locked=&#8221;off&#8221; global_colors_info=&#8221;{}&#8221;][et_pb_column type=&#8221;1_2&#8243; _builder_version=&#8221;4.16&#8243; _module_preset=&#8221;default&#8221; global_colors_info=&#8221;{}&#8221;][et_pb_icon font_icon=&#8221;&#xf1da;||fa||900&#8243; icon_color=&#8221;#9f9262&#8243; icon_width=&#8221;54px&#8221; _builder_version=&#8221;4.16&#8243; _module_preset=&#8221;default&#8221; global_colors_info=&#8221;{}&#8221;][\/et_pb_icon][et_pb_text _builder_version=&#8221;4.17.4&#8243; header_3_font=&#8221;Antic Didone|||on|||||&#8221; header_3_text_align=&#8221;center&#8221; header_3_text_color=&#8221;#000000&#8243; header_3_letter_spacing=&#8221;2px&#8221; header_3_line_height=&#8221;1.6em&#8221; header_3_font_size_tablet=&#8221;26px&#8221; header_3_font_size_phone=&#8221;20px&#8221; header_3_font_size_last_edited=&#8221;on|phone&#8221; locked=&#8221;off&#8221; global_colors_info=&#8221;{}&#8221;]<\/p>\n<h3>Zeitlicher Ablauf<\/h3>\n<p>[\/et_pb_text][et_pb_text _builder_version=&#8221;4.17.4&#8243; _module_preset=&#8221;default&#8221; global_colors_info=&#8221;{}&#8221;]<\/p>\n<p><span>Unser Spa ist von 10 bis 19.30 Uhr ge\u00f6ffnet (nach vorheriger Reservierung)<\/span><\/p>\n<p>[\/et_pb_text][\/et_pb_column][et_pb_column type=&#8221;1_2&#8243; _builder_version=&#8221;4.16&#8243; _module_preset=&#8221;default&#8221; global_colors_info=&#8221;{}&#8221;][et_pb_icon font_icon=&#8221;&#xe606;||divi||400&#8243; icon_color=&#8221;#9f9262&#8243; icon_width=&#8221;54px&#8221; _builder_version=&#8221;4.16&#8243; _module_preset=&#8221;default&#8221; global_colors_info=&#8221;{}&#8221;][\/et_pb_icon][et_pb_text _builder_version=&#8221;4.17.4&#8243; header_3_font=&#8221;Antic Didone|||on|||||&#8221; header_3_text_align=&#8221;center&#8221; header_3_text_color=&#8221;#000000&#8243; header_3_letter_spacing=&#8221;2px&#8221; header_3_line_height=&#8221;1.6em&#8221; header_3_font_size_tablet=&#8221;26px&#8221; header_3_font_size_phone=&#8221;20px&#8221; header_3_font_size_last_edited=&#8221;on|phone&#8221; locked=&#8221;off&#8221; global_colors_info=&#8221;{}&#8221;]<\/p>\n<h3><span>Preise<\/span><\/h3>\n<p>[\/et_pb_text][et_pb_text _builder_version=&#8221;4.21.0&#8243; _module_preset=&#8221;default&#8221; hover_enabled=&#8221;0&#8243; global_colors_info=&#8221;{}&#8221; sticky_enabled=&#8221;0&#8243;]<\/p>\n<p><span>20 \u20ac pro Person <span class=\"HwtZe\" jsaction=\"mouseup:Sxi9L,BR6jm; mousedown:qjlr0e\" jsname=\"jqKxS\" lang=\"de\"><span jsaction=\"agoMJf:PFBcW;MZfLnc:P7O7bd;nt4Alf:pvnm0e,pfE8Hb,PFBcW;B01qod:dJXsye;H1e5u:iXtTIf;lYIUJf:hij5Wb;bmeZHc:iURhpf;Oxj3Xe:qAKMYb,yaf12d\" jsname=\"txFAF\" class=\"jCAhz ChMk0b\" jscontroller=\"Gn4SMb\"><span class=\"ryNqvb\" jsaction=\"click:E6Tfl,GFf3ac,tMZCfe; contextmenu:Nqw7Te,QP7LD; mouseout:Nqw7Te; mouseover:E6Tfl,c2aHje\" jsname=\"W297wb\">f\u00fcr den gesamten Aufenthalt<\/span><\/span><\/span> mit 1 Bademantel, 1 Badetuch, 1 Paar Hausschuhe.<span class=\"HwtZe\" jsaction=\"mouseup:Sxi9L,BR6jm; mousedown:qjlr0e\" jsname=\"jqKxS\" lang=\"de\"><span jsaction=\"agoMJf:PFBcW;MZfLnc:P7O7bd;nt4Alf:pvnm0e,pfE8Hb,PFBcW;B01qod:dJXsye;H1e5u:iXtTIf;lYIUJf:hij5Wb;bmeZHc:iURhpf;Oxj3Xe:qAKMYb,yaf12d\" jsname=\"txFAF\" class=\"jCAhz ChMk0b\" jscontroller=\"Gn4SMb\"><span class=\"ryNqvb\" jsaction=\"click:E6Tfl,GFf3ac,tMZCfe; contextmenu:Nqw7Te,QP7LD; mouseout:Nqw7Te; mouseover:E6Tfl,c2aHje\" jsname=\"W297wb\"><br \/><\/span><\/span><\/span><\/span><\/p>\n<p>[\/et_pb_text][\/et_pb_column][\/et_pb_row][et_pb_row use_custom_gutter=&#8221;on&#8221; gutter_width=&#8221;2&#8243; custom_padding_last_edited=&#8221;on|phone&#8221; _builder_version=&#8221;4.16&#8243; _module_preset=&#8221;default&#8221; background_color=&#8221;rgba(0,0,0,0.03)&#8221; max_width=&#8221;1260px&#8221; custom_padding=&#8221;45px|60px|46px|60px|false|true&#8221; custom_padding_tablet=&#8221;|40px||40px|false|true&#8221; custom_padding_phone=&#8221;10px|10px|10px|10px|true|true&#8221; locked=&#8221;off&#8221; global_colors_info=&#8221;{}&#8221;][et_pb_column type=&#8221;4_4&#8243; _builder_version=&#8221;4.16&#8243; _module_preset=&#8221;default&#8221; global_colors_info=&#8221;{}&#8221;][et_pb_text ul_position=&#8221;inside&#8221; _builder_version=&#8221;4.17.4&#8243; _module_preset=&#8221;default&#8221; ul_text_align=&#8221;center&#8221; global_colors_info=&#8221;{}&#8221;]<\/p>\n<ul>\n<li><span>Der Zugang zum Spa steht nur Hotelg\u00e4sten zur Verf\u00fcgung<\/span><\/li>\n<li><span>Der Zugang zum Spa ist nur f\u00fcr Erwachseneur nur <span class=\"HwtZe\" jsaction=\"mouseup:Sxi9L,BR6jm; mousedown:qjlr0e\" jsname=\"jqKxS\" lang=\"de\"><span jsaction=\"agoMJf:PFBcW;MZfLnc:P7O7bd;nt4Alf:pvnm0e,pfE8Hb,PFBcW;B01qod:dJXsye;H1e5u:iXtTIf;lYIUJf:hij5Wb;bmeZHc:iURhpf;Oxj3Xe:qAKMYb,yaf12d\" jsname=\"txFAF\" class=\"jCAhz ChMk0b\" jscontroller=\"Gn4SMb\"><span class=\"ryNqvb\" jsaction=\"click:E6Tfl,GFf3ac,tMZCfe; contextmenu:Nqw7Te,QP7LD; mouseout:Nqw7Te; mouseover:E6Tfl,c2aHje\" jsname=\"W297wb\">ab 16 Jahren<\/span><\/span><\/span><\/span><\/li>\n<li><span>Aus Sicherheitsgr\u00fcnden wird dieser Bereich video\u00fcberwacht<\/span><\/li>\n<li><span>Der Zugang ist f\u00fcr die Dauer des Aufenthalts.<\/span><\/li>\n<li><span>Bitte reservieren Sie Ihren Zugang zum Spa im Voraus.<\/span><\/li>\n<\/ul>\n<p>[\/et_pb_text][\/et_pb_column][\/et_pb_row][\/et_pb_section]<\/p>\n","protected":false},"excerpt":{"rendered":"<p>Au SoleilSpaDas Hotel &amp; Spa \u201eAu Soleil\u201c im els\u00e4ssischen Valff bietet jetzt seinen Entspannungsbereich Eine farbenfrohe Atmosph\u00e4re. Gleichzeitig modern und zeitgem\u00e4\u00df. Unser Spa wurde so gestaltet, dass Sie nach einem Tag beim Wandern, Sightseeing oder Arbeiten einen Moment der Entspannung und Entspannung genie\u00dfen k\u00f6nnen.EntspannungSpaRegt die Durchblutung an.Entspannt die Muskeln und entlastet die Muskeln nach dem [&hellip;]<\/p>\n","protected":false},"author":1,"featured_media":0,"parent":0,"menu_order":0,"comment_status":"closed","ping_status":"closed","template":"","meta":{"_acf_changed":false,"_et_pb_use_builder":"on","_et_pb_old_content":"","_et_gb_content_width":"","footnotes":""},"class_list":["post-30658","page","type-page","status-publish","hentry"],"acf":[],"_links":{"self":[{"href":"https:\/\/hotelausoleil.fr\/de\/wp-json\/wp\/v2\/pages\/30658","targetHints":{"allow":["GET"]}}],"collection":[{"href":"https:\/\/hotelausoleil.fr\/de\/wp-json\/wp\/v2\/pages"}],"about":[{"href":"https:\/\/hotelausoleil.fr\/de\/wp-json\/wp\/v2\/types\/page"}],"author":[{"embeddable":true,"href":"https:\/\/hotelausoleil.fr\/de\/wp-json\/wp\/v2\/users\/1"}],"replies":[{"embeddable":true,"href":"https:\/\/hotelausoleil.fr\/de\/wp-json\/wp\/v2\/comments?post=30658"}],"version-history":[{"count":0,"href":"https:\/\/hotelausoleil.fr\/de\/wp-json\/wp\/v2\/pages\/30658\/revisions"}],"wp:attachment":[{"href":"https:\/\/hotelausoleil.fr\/de\/wp-json\/wp\/v2\/media?parent=30658"}],"curies":[{"name":"wp","href":"https:\/\/api.w.org\/{rel}","templated":true}]}}